{"id":25166,"date":"2024-02-01T19:08:38","date_gmt":"2024-02-02T01:08:38","guid":{"rendered":"https:\/\/uhabpeninsuladeyucatan.org\/?page_id=25166"},"modified":"2024-02-01T19:08:41","modified_gmt":"2024-02-02T01:08:41","slug":"degrees-nivelation","status":"publish","type":"page","link":"https:\/\/uhabpeninsuladeyucatan.org\/index.php\/degrees-nivelation\/","title":{"rendered":"Nivelaci\u00f3n"},"content":{"rendered":"\n<h2>\n\t\tLICENCIATURAS\n\t<\/h2>\n\t\t\t\t<img loading=\"lazy\" decoding=\"async\" src=\"https:\/\/uhabpeninsuladeyucatan.org\/wp-content\/uploads\/2024\/01\/banner_2.jpg\" alt=\"banner_2\" itemprop=\"image\" height=\"1438\" width=\"1438\" title=\"banner_2\" onerror=\"this.style.display='none'\"  \/>\n\t<p>\u00a1Desbloquea tu potencial con las Nivelaciones Profesionales 100% virtuales de UHAB Pen\u00ednsula de Yucat\u00e1n y transforma tu futuro hoy mismo!<\/p>\n\t\u00bfHas dejado tu carrera trunca o est\u00e1s buscando la manera de despegar en el mundo laboral? \u00a1No busques m\u00e1s! Nuestras emocionantes Nivelaciones Profesionales est\u00e1n dise\u00f1adas especialmente para ti. Si tienes menos de 3 a\u00f1os de experiencia laboral o una carrera interrumpida, este es tu camino hacia el \u00e9xito.<br \/>\nImagina adquirir habilidades de alto nivel en tu campo de inter\u00e9s en <strong>solo 12 meses<\/strong>, desde la comodidad de tu hogar.\n<p><strong>\u00a1S\u00ed, has le\u00eddo bien!<\/strong><\/p>\n<p>Con UHAB, puedes dominar nuevas \u00e1reas de conocimiento a tu propio ritmo, con un enfoque mensual en una asignatura clave. Ya sea que sue\u00f1es con triunfar en la Pedagog\u00eda, las Ciencias de la Educaci\u00f3n, la Administraci\u00f3n de Empresas, la Contadur\u00eda, el Derecho, la Administraci\u00f3n en Computaci\u00f3n, la Psicolog\u00eda, el Marketing, la Seguridad P\u00fablica y Criminolog\u00eda, la Criminolog\u00eda y Criminal\u00edstica, el Trabajo Social, la Ingenier\u00eda en Sistemas Computacionales o la Ingenier\u00eda Industrial, <strong>\u00a1tenemos la nivelaci\u00f3n perfecta para ti!<\/strong><\/p>\n\t\t\t\t<img loading=\"lazy\" decoding=\"async\" src=\"https:\/\/uhabpeninsuladeyucatan.org\/wp-content\/uploads\/2024\/01\/TU-LICENCIATURA.png\" alt=\"TU LICENCIATURA\" itemprop=\"image\" height=\"500\" width=\"500\" title=\"TU LICENCIATURA\" onerror=\"this.style.display='none'\"  \/>\n\t<p>Nuestros docentes son catedr\u00e1ticos altamente calificados que est\u00e1n aqu\u00ed para guiarte en cada paso del camino. En UHAB, nos enorgullece brindarte la mejor educaci\u00f3n y experiencia virtual, permiti\u00e9ndote equilibrar el aprendizaje con tus responsabilidades diarias y avanzar a tu propio ritmo.<\/p>\n\t<p>\u00bfQu\u00e9 hace que nuestras nivelaciones sean a\u00fan m\u00e1s emocionantes? La titulaci\u00f3n directa en tan solo dos meses aproximadamente. \u00a1Imagina tener en tus manos el t\u00edtulo que has estado buscando para llevar tu carrera al siguiente nivel en un abrir y cerrar de ojos!<\/p>\n\t<p>No pierdas m\u00e1s tiempo pregunt\u00e1ndote \u00ab\u00bfqu\u00e9 hubiera pasado si&#8230;?\u00bb \u00a1Es hora de tomar el control de tu futuro! \u00a1Inscr\u00edbete en las Nivelaciones Profesionales 100% virtuales de UHAB Pen\u00ednsula de Yucat\u00e1n hoy y prep\u00e1rate para un viaje hacia el \u00e9xito que cambiar\u00e1 tu vida para siempre!<\/p>\n\t\t\t<a href=\"\" target=\"_self\" rel=\"noopener\">\n\t\t\t\t\t\tNUESTRAS NIVELACIONES\n\t\t\t\t\t<\/a>\n\t\t\t<a href=\"\" target=\"_self\" rel=\"noopener\">\n\t\t\t\t\t\tNUESTRAS LICENCIATURAS\n\t\t\t\t\t<\/a>\n\n","protected":false},"excerpt":{"rendered":"<p>LICENCIATURAS \u00a1Desbloquea tu potencial con las Nivelaciones Profesionales 100% virtuales de UHAB Pen\u00ednsula de Yucat\u00e1n y transforma tu futuro hoy mismo! \u00bfHas dejado tu carrera trunca o est\u00e1s buscando la manera de despegar en el mundo laboral? \u00a1No busques m\u00e1s! Nuestras emocionantes Nivelaciones Profesionales est\u00e1n dise\u00f1adas especialmente para ti. Si tienes menos de 3 a\u00f1os [&hellip;]<\/p>\n","protected":false},"author":1,"featured_media":0,"parent":0,"menu_order":0,"comment_status":"closed","ping_status":"closed","template":"","meta":{"_eb_attr":"","site-sidebar-layout":"no-sidebar","site-content-layout":"page-builder","ast-site-content-layout":"full-width-container","site-content-style":"unboxed","site-sidebar-style":"unboxed","ast-global-header-display":"","ast-banner-title-visibility":"","ast-main-header-display":"","ast-hfb-above-header-display":"","ast-hfb-below-header-display":"","ast-hfb-mobile-header-display":"","site-post-title":"disabled","ast-breadcrumbs-content":"","ast-featured-img":"disabled","footer-sml-layout":"","ast-disable-related-posts":"","theme-transparent-header-meta":"enabled","adv-header-id-meta":"","stick-header-meta":"","header-above-stick-meta":"","header-main-stick-meta":"","header-below-stick-meta":"","astra-migrate-meta-layouts":"set","ast-page-background-enabled":"default","ast-page-background-meta":{"desktop":{"background-color":"","background-image":"","background-repeat":"repeat","background-position":"center center","background-size":"auto","background-attachment":"scroll","background-type":"","background-media":"","overlay-type":"","overlay-color":"","overlay-opacity":"","overlay-gradient":""},"tablet":{"background-color":"","background-image":"","background-repeat":"repeat","background-position":"center center","background-size":"auto","background-attachment":"scroll","background-type":"","background-media":"","overlay-type":"","overlay-color":"","overlay-opacity":"","overlay-gradient":""},"mobile":{"background-color":"","background-image":"","background-repeat":"repeat","background-position":"center center","background-size":"auto","background-attachment":"scroll","background-type":"","background-media":"","overlay-type":"","overlay-color":"","overlay-opacity":"","overlay-gradient":""}},"ast-content-background-meta":{"desktop":{"background-color":"var(--ast-global-color-5)","background-image":"","background-repeat":"repeat","background-position":"center center","background-size":"auto","background-attachment":"scroll","background-type":"","background-media":"","overlay-type":"","overlay-color":"","overlay-opacity":"","overlay-gradient":""},"tablet":{"background-color":"var(--ast-global-color-5)","background-image":"","background-repeat":"repeat","background-position":"center center","background-size":"auto","background-attachment":"scroll","background-type":"","background-media":"","overlay-type":"","overlay-color":"","overlay-opacity":"","overlay-gradient":""},"mobile":{"background-color":"var(--ast-global-color-5)","background-image":"","background-repeat":"repeat","background-position":"center center","background-size":"auto","background-attachment":"scroll","background-type":"","background-media":"","overlay-type":"","overlay-color":"","overlay-opacity":"","overlay-gradient":""}},"footnotes":""},"class_list":["post-25166","page","type-page","status-publish","hentry"],"_links":{"self":[{"href":"https:\/\/uhabpeninsuladeyucatan.org\/index.php\/wp-json\/wp\/v2\/pages\/25166","targetHints":{"allow":["GET"]}}],"collection":[{"href":"https:\/\/uhabpeninsuladeyucatan.org\/index.php\/wp-json\/wp\/v2\/pages"}],"about":[{"href":"https:\/\/uhabpeninsuladeyucatan.org\/index.php\/wp-json\/wp\/v2\/types\/page"}],"author":[{"embeddable":true,"href":"https:\/\/uhabpeninsuladeyucatan.org\/index.php\/wp-json\/wp\/v2\/users\/1"}],"replies":[{"embeddable":true,"href":"https:\/\/uhabpeninsuladeyucatan.org\/index.php\/wp-json\/wp\/v2\/comments?post=25166"}],"version-history":[{"count":1,"href":"https:\/\/uhabpeninsuladeyucatan.org\/index.php\/wp-json\/wp\/v2\/pages\/25166\/revisions"}],"predecessor-version":[{"id":25167,"href":"https:\/\/uhabpeninsuladeyucatan.org\/index.php\/wp-json\/wp\/v2\/pages\/25166\/revisions\/25167"}],"wp:attachment":[{"href":"https:\/\/uhabpeninsuladeyucatan.org\/index.php\/wp-json\/wp\/v2\/media?parent=25166"}],"curies":[{"name":"wp","href":"https:\/\/api.w.org\/{rel}","templated":true}]}}