{"id":25174,"date":"2024-02-01T19:16:44","date_gmt":"2024-02-02T01:16:44","guid":{"rendered":"https:\/\/uhabpeninsuladeyucatan.org\/?page_id=25174"},"modified":"2024-06-26T19:07:46","modified_gmt":"2024-06-27T01:07:46","slug":"experience-degrees","status":"publish","type":"page","link":"https:\/\/uhabpeninsuladeyucatan.org\/index.php\/experience-degrees\/","title":{"rendered":"Titulaci\u00f3n por Experiencia"},"content":{"rendered":"\n\n\t\t\t\t<img loading=\"lazy\" decoding=\"async\" src=\"https:\/\/uhabpeninsuladeyucatan.org\/wp-content\/uploads\/2024\/02\/Uhab_PY_TitulacionExperiencia.jpg\" alt=\"Titulaci\u00f3n por Experiencia\" itemprop=\"image\" height=\"500\" width=\"1500\" title=\"Uhab_PY_TitulacionExperiencia\" onerror=\"this.style.display='none'\"  \/>\n\t<h5>\u00bfQue es la titulaci\u00f3n por experiencia?<\/h5>\n<p>La titulaci\u00f3n por experiencia laboral es un tr\u00e1mite seguro y confiable.\u00a0Cada programa acreditable cuenta con RVOE expedido por SEP<\/p>\n<p>Esta modalidad permite acreditar los conocimientos adquiridos; ya sea en carrera trunca, en cursos no escolarizados, de forma autodidacta y por experiencia laboral para la obtenci\u00f3n de un t\u00edtulo profesional, siempre y cuando se puedan comprobar su saberes mediante el env\u00edo de evidencia documental, la revisi\u00f3n y autentificaci\u00f3n de los documentos y una entrevista con uno de nuestros expertos.<\/p>\n<p>El \u00e1rea de psicolog\u00eda requiere un proceso de evaluaci\u00f3n consistente en una prueba estandarizada y un estudio de caso, cuya resoluci\u00f3n se debe defender ante un s\u00ednodo.<\/p>\n\t\t\t\t<img loading=\"lazy\" decoding=\"async\" src=\"https:\/\/uhabpeninsuladeyucatan.org\/wp-content\/uploads\/2024\/02\/titulacion_uhab.jpeg\" alt=\"titulacion_uhab\" itemprop=\"image\" height=\"768\" width=\"1024\" title=\"titulacion_uhab\" onerror=\"this.style.display='none'\"  \/>\n\t<h5>1a. ETAPA \/ Verificaci\u00f3n Documental<\/h5>\n<p>Enviar los documentos que acrediten experiencia en el \u00e1rea:<\/p>\n<ul>\n<li>Certificado de Bachillerato.<\/li>\n<li>Comprobantes laborales (cartas de recomendaci\u00f3n, constancias, etc.)<\/li>\n<li>2 cartas de recomendaci\u00f3n expedidas por profesionales del \u00e1rea.<\/li>\n<\/ul>\n<p><strong>ADEM\u00c1S:<\/strong><\/p>\n<ul>\n<li>Acta de Nacimiento<\/li>\n<li>Curp<\/li>\n<li>INE \/ Pasaporte.<\/li>\n<\/ul>\n\t<h5>\u00bfEn qu\u00e9 consiste la verificaci\u00f3n documental?<\/h5>\n<p>Se verifican los documentos entregados y se lleva a cabo una entrevista v\u00eda remota con un experto en el \u00e1rea.<\/p>\n\t<h5>\u00bfQu\u00e9 precio tiene la verificaci\u00f3n documental?<\/h5>\n<strong>$2,000 mxn, al concluir positivamente se solicita el t\u00edtulo.<\/strong><br \/>\n<em>Tiene una duraci\u00f3n de 7 d\u00edas (Siempre y cuando est\u00e9 completa toda la documentaci\u00f3n)<\/em>\n\t<h5>2a. ETAPA \/ Solicitud del T\u00edtulo<\/h5>\n<p>Al concluir positivamente se solicita el t\u00edtulo, para lo cual se requieren:<\/p>\n<ul>\n<li>2 fotograf\u00edas tama\u00f1o \u00abT\u00edtulo\u00bb ovaladas (9cms de alto x 6cms de ancho)<\/li>\n<li>2 fotograf\u00edas tama\u00f1o \u00abCredencial\u00bb ovaladas (5cms de alto x 3.5 cms de ancho)<\/li>\n<li>1 fotograf\u00eda digital<\/li>\n<li>NOTA: Si lo deseas tenemos el servico de impresi\u00f3n por $230 mxn (As\u00ed no tendr\u00e1s que hacer el env\u00edo por mensajer\u00eda)<\/li>\n<\/ul>\n<p>Deben ser recientes, blanco y negro, impresas en papel mate delgado no brillante, CON retoque, fondo blanco, completamente de frente, rostro serio, frente y orejas descubiertas y que el tama\u00f1o de la cara este proporcionado con la medida de la fotograf\u00eda. <em>Las cuales se deben enviar por mensajer\u00eda.<\/em><\/p>\n<p><strong>HOMBRES:<\/strong><\/p>\n<ul>\n<li>Saco oscuro y corbata, camisa blanca.<\/li>\n<li>Si tiene barba y bigote estos deber\u00e1n estar bien recortados y los labios completamente descubiertos.<\/li>\n<\/ul>\n<p><strong>MUJERES:<\/strong><\/p>\n<ul>\n<li>Saco oscuro y blusa blanca.<\/li>\n<li>Peinado no llamativo (en caso de tener el cabello largo, prender con discreci\u00f3n hacia<br \/>\natr\u00e1s).<\/li>\n<li>Accesorios discretos (aretes peque\u00f1os, etc.)<\/li>\n<li>Sin escotes.<\/li>\n<li>Maquillaje discreto.<\/li>\n<\/ul>\n<p>&nbsp;<\/p>\n\t<h5>\u00bfQu\u00e9 sucede si no se aprueba la verificaci\u00f3n documental?<\/h5>\n<p>Desde luego si tus documentos no son aut\u00e9nticos no podemos hacer nada, pero si el problema fue la entrevista no te preocupes, nosotros te asesoramos para superarla y si a\u00fan as\u00ed no la superas contamos con procesos de nivelaci\u00f3n profesional.<\/p>\n\t<h5>\u00bfQu\u00e9 sucede si no se aprueba la verificaci\u00f3n documental?<\/h5>\n<p>Desde luego si tus documentos no son aut\u00e9nticos no podemos hacer nada, pero si el problema fue la entrevista no te preocupes, nosotros te asesoramos para superarla y si a\u00fan as\u00ed no la superas contamos con procesos de nivelaci\u00f3n profesional.<\/p>\n<h2>\n\t\tAPLICA PARA :\n\t<\/h2>\n\t\t\t\t<img loading=\"lazy\" decoding=\"async\" src=\"https:\/\/uhabpeninsuladeyucatan.org\/wp-content\/uploads\/2024\/02\/aplica_titulacion.jpeg\" alt=\"aplica_titulacion\" itemprop=\"image\" height=\"768\" width=\"1024\" title=\"aplica_titulacion\" onerror=\"this.style.display='none'\"  \/>\n\t<h5>\u00bfY si mi licenciatura no est\u00e1 en la<br \/>\nlista anterior?<\/h5>\n<p>Contamos con una licenciatura que se somete a un proceso m\u00e1s estricto pues pertenece al \u00e1rea de la salud, esta es:<\/p>\n<ul>\n<li>Psicolog\u00eda<\/li>\n<\/ul>\n\t<h5>\u00bfQu\u00e9 sucede si me quiero titular en psicolog\u00eda?<\/h5>\n<p>Deber\u00e1s llevar a cabo, previo a la revisi\u00f3n documental m\u00e1s un proceso de evaluaci\u00f3n consistente en 3 etapas.<\/p>\n<ul>\n<li>La primera es una prueba estandarizada.<\/li>\n<li>La segunda es la realizaci\u00f3n de un ensayo con base en un estudio de caso.<\/li>\n<li>La tercera es una entrevista con sinodales.<\/li>\n<\/ul>\n<p><strong>Este proceso tiene un costo de $3,850.<\/strong><\/p>\n\t<h5>\u00bfMi T\u00edtulo ser\u00e1 v\u00e1lido para todo M\u00e9xico?<\/h5>\n<h6>Desde luego, nuestras licenciaturas cuentan con RVOE federal, son v\u00e1lidos en todo el pa\u00eds e incluso puedes apostillarlo y utilizarlo en cualquier otro pa\u00eds que participe en el Convenio de La Haya.<\/h6>\n\t<h5>\u00bfEs por Acuerdo 286?<\/h5>\n<h6>No es por el acuerdo 286, es un programa propio.<\/h6>\n\t<h5>\u00bfSe te hace caro?<\/h5>\nS\u00f3lo saca cuentas y ver\u00e1s que es m\u00e1s costoso cursar 4 o 6 a\u00f1os de licenciatura (adem\u00e1s del tiempo que te lleva).<br \/>\nPero adem\u00e1s:\n<ul>\n<li>\u00bfCu\u00e1nto dinero has perdido por no haber tenido el t\u00edtulo?<\/li>\n<li>\u00bfCu\u00e1nto habr\u00edas ganado en un mejor puesto?<\/li>\n<li>\u00bfCu\u00e1ntas oportunidades has perdido por no ser licenciad@ o ingenier@?<\/li>\n<li>\u00bfQu\u00e9 te separa de la profesi\u00f3n de tus sue\u00f1os?<\/li>\n<li>\u00bfVale la pena seguir posterg\u00e1ndolo?<\/li>\n<\/ul>\n\t\t\t\t<img loading=\"lazy\" decoding=\"async\" src=\"https:\/\/uhabpeninsuladeyucatan.org\/wp-content\/uploads\/2024\/02\/TU-LICENCIATURA-1.jpg\" alt=\"TU LICENCIATURA (1)\" itemprop=\"image\" height=\"500\" width=\"500\" title=\"TU LICENCIATURA (1)\" onerror=\"this.style.display='none'\"  \/>\n\t<ul>\n<li>Llena el formulario y env\u00eda tus documentos escaneados.<\/li>\n<li>Certificado de Bachillerato.<\/li>\n<li>Comprobantes laborales (cartas de recomendaci\u00f3n, constancias, etc.)<\/li>\n<li>2 cartas de recomendaci\u00f3n expedidas por profesionales del \u00e1rea.<\/li>\n<li>Acta de Nacimiento.<\/li>\n<li>Curp.<\/li>\n<li>INE \/ Pasaporte.<\/li>\n<li>Recibir\u00e1s un correo de seguimiento para tu proceso de titulaci\u00f3n.<\/li>\n<\/ul>\n\t\t\t<a href=\"https:\/\/docs.google.com\/forms\/d\/e\/1FAIpQLSdxXOOUp6WiuKpfXwDFUZ3IBR8Hj_bCpNpTYYynO4bHc1V1DA\/viewform?embedded=true\" target=\"_blank\" rel=\"noopener\">\n\t\t\t\t\t\tINGRESA AQU\u00cd PARA REGISTRARTE\n\t\t\t\t\t<\/a>\n\n","protected":false},"excerpt":{"rendered":"<p>\u00bfQue es la titulaci\u00f3n por experiencia? La titulaci\u00f3n por experiencia laboral es un tr\u00e1mite seguro y confiable.\u00a0Cada programa acreditable cuenta con RVOE expedido por SEP Esta modalidad permite acreditar los conocimientos adquiridos; ya sea en carrera trunca, en cursos no escolarizados, de forma autodidacta y por experiencia laboral para la obtenci\u00f3n de un t\u00edtulo profesional, [&hellip;]<\/p>\n","protected":false},"author":1,"featured_media":0,"parent":0,"menu_order":0,"comment_status":"closed","ping_status":"closed","template":"","meta":{"_eb_attr":"","site-sidebar-layout":"no-sidebar","site-content-layout":"page-builder","ast-site-content-layout":"full-width-container","site-content-style":"unboxed","site-sidebar-style":"unboxed","ast-global-header-display":"","ast-banner-title-visibility":"","ast-main-header-display":"","ast-hfb-above-header-display":"","ast-hfb-below-header-display":"","ast-hfb-mobile-header-display":"","site-post-title":"disabled","ast-breadcrumbs-content":"","ast-featured-img":"disabled","footer-sml-layout":"","ast-disable-related-posts":"","theme-transparent-header-meta":"enabled","adv-header-id-meta":"","stick-header-meta":"","header-above-stick-meta":"","header-main-stick-meta":"","header-below-stick-meta":"","astra-migrate-meta-layouts":"set","ast-page-background-enabled":"default","ast-page-background-meta":{"desktop":{"background-color":"","background-image":"","background-repeat":"repeat","background-position":"center center","background-size":"auto","background-attachment":"scroll","background-type":"","background-media":"","overlay-type":"","overlay-color":"","overlay-opacity":"","overlay-gradient":""},"tablet":{"background-color":"","background-image":"","background-repeat":"repeat","background-position":"center center","background-size":"auto","background-attachment":"scroll","background-type":"","background-media":"","overlay-type":"","overlay-color":"","overlay-opacity":"","overlay-gradient":""},"mobile":{"background-color":"","background-image":"","background-repeat":"repeat","background-position":"center center","background-size":"auto","background-attachment":"scroll","background-type":"","background-media":"","overlay-type":"","overlay-color":"","overlay-opacity":"","overlay-gradient":""}},"ast-content-background-meta":{"desktop":{"background-color":"var(--ast-global-color-5)","background-image":"","background-repeat":"repeat","background-position":"center center","background-size":"auto","background-attachment":"scroll","background-type":"","background-media":"","overlay-type":"","overlay-color":"","overlay-opacity":"","overlay-gradient":""},"tablet":{"background-color":"var(--ast-global-color-5)","background-image":"","background-repeat":"repeat","background-position":"center center","background-size":"auto","background-attachment":"scroll","background-type":"","background-media":"","overlay-type":"","overlay-color":"","overlay-opacity":"","overlay-gradient":""},"mobile":{"background-color":"var(--ast-global-color-5)","background-image":"","background-repeat":"repeat","background-position":"center center","background-size":"auto","background-attachment":"scroll","background-type":"","background-media":"","overlay-type":"","overlay-color":"","overlay-opacity":"","overlay-gradient":""}},"footnotes":""},"class_list":["post-25174","page","type-page","status-publish","hentry"],"_links":{"self":[{"href":"https:\/\/uhabpeninsuladeyucatan.org\/index.php\/wp-json\/wp\/v2\/pages\/25174","targetHints":{"allow":["GET"]}}],"collection":[{"href":"https:\/\/uhabpeninsuladeyucatan.org\/index.php\/wp-json\/wp\/v2\/pages"}],"about":[{"href":"https:\/\/uhabpeninsuladeyucatan.org\/index.php\/wp-json\/wp\/v2\/types\/page"}],"author":[{"embeddable":true,"href":"https:\/\/uhabpeninsuladeyucatan.org\/index.php\/wp-json\/wp\/v2\/users\/1"}],"replies":[{"embeddable":true,"href":"https:\/\/uhabpeninsuladeyucatan.org\/index.php\/wp-json\/wp\/v2\/comments?post=25174"}],"version-history":[{"count":15,"href":"https:\/\/uhabpeninsuladeyucatan.org\/index.php\/wp-json\/wp\/v2\/pages\/25174\/revisions"}],"predecessor-version":[{"id":25611,"href":"https:\/\/uhabpeninsuladeyucatan.org\/index.php\/wp-json\/wp\/v2\/pages\/25174\/revisions\/25611"}],"wp:attachment":[{"href":"https:\/\/uhabpeninsuladeyucatan.org\/index.php\/wp-json\/wp\/v2\/media?parent=25174"}],"curies":[{"name":"wp","href":"https:\/\/api.w.org\/{rel}","templated":true}]}}