{"id":633,"date":"2022-03-21T07:42:33","date_gmt":"2022-03-21T07:42:33","guid":{"rendered":"https:\/\/site.uhabpeninsuladeyucatan.org\/index.php\/about\/"},"modified":"2024-02-08T03:06:53","modified_gmt":"2024-02-08T09:06:53","slug":"about","status":"publish","type":"page","link":"https:\/\/uhabpeninsuladeyucatan.org\/index.php\/about\/","title":{"rendered":"About"},"content":{"rendered":"\n\n\t\t\t\t<img loading=\"lazy\" decoding=\"async\" src=\"https:\/\/uhabpeninsuladeyucatan.org\/wp-content\/uploads\/2024\/01\/uhab_circule_v2.png\" alt=\"uhab_circule_v2\" itemprop=\"image\" height=\"1200\" width=\"1200\" title=\"uhab_circule_v2\" onerror=\"this.style.display='none'\"  \/>\n\t<h1>\n\t\t\t\t\tAVISO DE PRIVACIDAD\n\t\t\t\t<\/h1>\n\t<p>En cumplimiento con lo establecido en la Ley de Protecci\u00f3n de Datos Personales en Posesi\u00f3n de los Particulares, con el fin de asegurar la protecci\u00f3n y privacidad de los datos personales, as\u00ed como regular el acceso, referido, cancelaci\u00f3n y oposici\u00f3n del manejo de los mismos (Fundamento jur\u00eddico: Art. V16 Constitucional Art. 1 y 2 LFPDPPP).<\/p>\n<p><strong>La Universidad Hispano Americana del Baj\u00edo (UHAB) Campus Pen\u00ednsula de Yucat\u00e1n establece lo siguiente:<\/strong><\/p>\nLa Universidad Hispano Americana del Baj\u00edo (UHAB) Campus Pen\u00ednsula de Yucat\u00e1n le informa que sus datos personales y datos personales sensibles, se utilizar\u00e1n para identificaci\u00f3n, operaci\u00f3n, administraci\u00f3n y an\u00e1logos, que sean necesarios para la presentaci\u00f3n de los servicios acad\u00e9micos y administrativos en el Sistema Educativo de La Universidad Hispano Americana del Baj\u00edo (UHAB). El ejercicio y ejecuci\u00f3n del derecho (ARCO), de acceso, rectificaci\u00f3n, oposici\u00f3n, limitaci\u00f3n, de uso o la revocaci\u00f3n del consentimiento, podr\u00e1 solicitarse por escrito ante el Encargado Prof. Enrique Calatayud al correo electr\u00f3nico: <strong>info@site.uhabpeninsuladeyucatan.org<\/strong>.<br \/>\n<br \/> La pol\u00edtica de Privacidad y los cambios en el presente aviso se publican en la p\u00e1gina <strong>http:\/\/www.site.uhabpeninsuladeyucatan.org<\/strong><br \/>\nSi el titular proporciona sus datos personalmente significa que ha le\u00eddo, entendido y aceptado los t\u00e9rminos antes expuestos.<br \/>\nPol\u00edtica de Privacidad.\n\n","protected":false},"excerpt":{"rendered":"<p>AVISO DE PRIVACIDAD En cumplimiento con lo establecido en la Ley de Protecci\u00f3n de Datos Personales en Posesi\u00f3n de los Particulares, con el fin de asegurar la protecci\u00f3n y privacidad de los datos personales, as\u00ed como regular el acceso, referido, cancelaci\u00f3n y oposici\u00f3n del manejo de los mismos (Fundamento jur\u00eddico: Art. V16 Constitucional Art. 1 [&hellip;]<\/p>\n","protected":false},"author":1,"featured_media":0,"parent":0,"menu_order":0,"comment_status":"closed","ping_status":"open","template":"","meta":{"_eb_attr":"","site-sidebar-layout":"no-sidebar","site-content-layout":"page-builder","ast-site-content-layout":"default","site-content-style":"default","site-sidebar-style":"default","ast-global-header-display":"","ast-banner-title-visibility":"","ast-main-header-display":"","ast-hfb-above-header-display":"","ast-hfb-below-header-display":"","ast-hfb-mobile-header-display":"","site-post-title":"disabled","ast-breadcrumbs-content":"","ast-featured-img":"disabled","footer-sml-layout":"","ast-disable-related-posts":"","theme-transparent-header-meta":"enabled","adv-header-id-meta":"","stick-header-meta":"","header-above-stick-meta":"","header-main-stick-meta":"","header-below-stick-meta":"","astra-migrate-meta-layouts":"default","ast-page-background-enabled":"default","ast-page-background-meta":{"desktop":{"background-color":"","background-image":"","background-repeat":"repeat","background-position":"center center","background-size":"auto","background-attachment":"scroll","background-type":"","background-media":"","overlay-type":"","overlay-color":"","overlay-opacity":"","overlay-gradient":""},"tablet":{"background-color":"","background-image":"","background-repeat":"repeat","background-position":"center center","background-size":"auto","background-attachment":"scroll","background-type":"","background-media":"","overlay-type":"","overlay-color":"","overlay-opacity":"","overlay-gradient":""},"mobile":{"background-color":"","background-image":"","background-repeat":"repeat","background-position":"center center","background-size":"auto","background-attachment":"scroll","background-type":"","background-media":"","overlay-type":"","overlay-color":"","overlay-opacity":"","overlay-gradient":""}},"ast-content-background-meta":{"desktop":{"background-color":"var(--ast-global-color-5)","background-image":"","background-repeat":"repeat","background-position":"center center","background-size":"auto","background-attachment":"scroll","background-type":"","background-media":"","overlay-type":"","overlay-color":"","overlay-opacity":"","overlay-gradient":""},"tablet":{"background-color":"var(--ast-global-color-5)","background-image":"","background-repeat":"repeat","background-position":"center center","background-size":"auto","background-attachment":"scroll","background-type":"","background-media":"","overlay-type":"","overlay-color":"","overlay-opacity":"","overlay-gradient":""},"mobile":{"background-color":"var(--ast-global-color-5)","background-image":"","background-repeat":"repeat","background-position":"center center","background-size":"auto","background-attachment":"scroll","background-type":"","background-media":"","overlay-type":"","overlay-color":"","overlay-opacity":"","overlay-gradient":""}},"footnotes":""},"class_list":["post-633","page","type-page","status-publish","hentry"],"_links":{"self":[{"href":"https:\/\/uhabpeninsuladeyucatan.org\/index.php\/wp-json\/wp\/v2\/pages\/633","targetHints":{"allow":["GET"]}}],"collection":[{"href":"https:\/\/uhabpeninsuladeyucatan.org\/index.php\/wp-json\/wp\/v2\/pages"}],"about":[{"href":"https:\/\/uhabpeninsuladeyucatan.org\/index.php\/wp-json\/wp\/v2\/types\/page"}],"author":[{"embeddable":true,"href":"https:\/\/uhabpeninsuladeyucatan.org\/index.php\/wp-json\/wp\/v2\/users\/1"}],"replies":[{"embeddable":true,"href":"https:\/\/uhabpeninsuladeyucatan.org\/index.php\/wp-json\/wp\/v2\/comments?post=633"}],"version-history":[{"count":2,"href":"https:\/\/uhabpeninsuladeyucatan.org\/index.php\/wp-json\/wp\/v2\/pages\/633\/revisions"}],"predecessor-version":[{"id":25327,"href":"https:\/\/uhabpeninsuladeyucatan.org\/index.php\/wp-json\/wp\/v2\/pages\/633\/revisions\/25327"}],"wp:attachment":[{"href":"https:\/\/uhabpeninsuladeyucatan.org\/index.php\/wp-json\/wp\/v2\/media?parent=633"}],"curies":[{"name":"wp","href":"https:\/\/api.w.org\/{rel}","templated":true}]}}